{"id":32,"date":"2016-11-29T22:51:04","date_gmt":"2016-11-29T22:51:04","guid":{"rendered":"http:\/\/akkermann-borkum.de\/?page_id=32"},"modified":"2017-09-11T15:57:53","modified_gmt":"2017-09-11T15:57:53","slug":"ootjes-hunk","status":"publish","type":"page","link":"http:\/\/akkermann-borkum.de\/?page_id=32","title":{"rendered":"Ootjes Hunk"},"content":{"rendered":"<h1 style=\"text-align: center;\"><strong>Ootjes Hunk<\/strong><\/h1>\n<p style=\"text-align: left; padding-left: 390px;\"><span style=\"font-family: helvetica, arial, sans-serif; font-size: 14pt;\">Die ca. 75 qm gro\u00dfe Wohnung Ootjes Hunk befindet sich in einem dem<br \/>\nWohnhaus angegliedertem Geb\u00e4ude. Sie verf\u00fcgt \u00fcber eine eigene Zuwegung<br \/>\nund hat einen seperaten Eingang. <\/span><\/p>\n<p style=\"text-align: left; padding-left: 390px;\"><span style=\"font-family: helvetica, arial, sans-serif; font-size: 14pt;\">Wohungsausstattung:<br \/>\n&#8211; zwei Schlafzimmer mit Doppelbett<br \/>\n&#8211; ein Schlafzimmer mit zwei Einzelbetten (Kinderzimmer)<br \/>\n&#8211; Wohnk\u00fcche mit Abstell- bzw. Speisekammer<br \/>\nSatelliten-TV, die K\u00fcche hat vier Platten und einen Backofen<br \/>\n&#8211; ein ger\u00e4umiges Badezimmer mit Dusche<\/span><\/p>\n<p>&nbsp;<\/p>\n<p style=\"text-align: center;\"><div id=\"grid-gallery-4-2436\" data-gg-id=\"4\" data-title=\"Ootjes Hunk\" data-grid-type=\"2\" data-offset=\"5.3\" data-area-position=\"center\" data-icons=\"\" data-preloader=\"true\" data-width=\"auto\" data-height=\"215\" data-padding=\"0\" data-quicksand=\"disabled\" data-quicksand-duration=\"1800\" data-popup-theme=\"theme_6\" data-popup-type=\"pretty-photo\" data-popup-image-text=\"data-description\" data-popup-widthsize=\"auto\" data-popup-heightsize=\"auto\" data-popup-i18n-words=\"{&quot;close&quot;:&quot;schlie\\u00dfen&quot;,&quot;next&quot;:&quot;n\\u00e4chste&quot;,&quot;previous&quot;:&quot;vorherige&quot;,&quot;start_slideshow&quot;:&quot;Starte Slideshow&quot;,&quot;stop_slideshow&quot;:&quot;Stoppe Slideshow&quot;,&quot;image&quot;:&quot;Bild&quot;,&quot;of&quot;:&quot;von&quot;,&quot;prev&quot;:&quot;vorherige&quot;,&quot;cExpand&quot;:&quot;Erweitere&quot;,&quot;cPrevious&quot;:&quot;Vorheriges&quot;,&quot;cNext&quot;:&quot;N\\u00e4chstes&quot;,&quot;cExpandStr&quot;:&quot;Erweitere Bild&quot;,&quot;cRotate&quot;:&quot;Rotate&quot;,&quot;cDetails&quot;:&quot;Details&quot;}\" data-popup-slideshow=\"false\" data-popup-slideshow-speed=\"2500\" data-popup-hoverstop=\"false\" data-popup-slideshow-auto=\"false\" data-popup-background=\"\" data-popup-transparency=\"30\" data-popup-disable-history=\"\" data-popup-disable-changed-url=\"\" data-popup-border-type=\"\" data-popup-border-color=\"\" data-popup-border-width=\"\" data-popup-border-enable=\"\" data-fullscreen=\"false\" data-hide-tooltip=\"false\" data-caption-font-family=\"Default\" data-caption-text-size=\"140\" data-is-mobile=\"0\" data-caption-mobile=\"false\" data-hide-long-tltp-title=\"0\" data-caption-disabled-on-mobile=\"false\" data-popup-placement-type=\"0\" data-social-sharing=\"{&quot;enabled&quot;:&quot;&quot;,&quot;gallerySharing&quot;:{&quot;enabled&quot;:null,&quot;position&quot;:null},&quot;imageSharing&quot;:{&quot;enabled&quot;:null,&quot;wrapperClass&quot;:&quot; vertical &quot;},&quot;popupSharing&quot;:{&quot;enabled&quot;:null,&quot;wrapperClass&quot;:&quot; vertical &quot;}}\" class=\"grid-gallery grid-gallery-fixed \" style=\" width:100%; height:auto; margin-left:auto; margin-right:auto;position:relative;\"> <div class=\"gallery-loading\"> <div class=\"blocks\"> <div class=\"block\"><\/div> <div class=\"block\"><\/div> <div class=\"block\"><\/div> <div class=\"block\"><\/div> <\/div> <\/div> <div class=\"gallery-sharing-top\" style=\"display:none;\"> <\/div> <div id=\"photos-4\" class=\"grid-gallery-photos\"><FIGURE class=\"grid-gallery-caption\" data-grid-gallery-type=\"quarter-two-step\" data-index=\"0\" style=\"display:none;border-radius:200;; margin:2.65px; height:2150; width:auto;\" ><div class=\"crop\" style=\"\"><img decoding=\"async\" src=\"http:\/\/akkermann-borkum.de\/wp-content\/uploads\/2017\/09\/Ootjes-Hunk-Eingang-323x215.jpg\" class=\"ggImg ggNotInitImg\" alt=\"Ootjes Hunk Eingang\" title=\"Ootjes Hunk Eingang\" data-description=\"Ootjes Hunk Eingang\" data-caption=\"Ootjes Hunk Eingang\" data-title=\"Ootjes Hunk Eingang\" style=\" height:215px; width:auto;\" \/><\/div><FIGCAPTION class=\"\" data-alpha=\"5\" style=\"color:#ffffff; background-color:#0c0000; font-size:140; text-align:2; font-family:Default;\" ><div class=\"grid-gallery-figcaption-wrap\" style=\"\"><\/div><\/FIGCAPTION><\/FIGURE><FIGURE class=\"grid-gallery-caption\" data-grid-gallery-type=\"quarter-two-step\" data-index=\"1\" style=\"display:none;border-radius:200;; margin:2.65px; height:2150; width:auto;\" ><div class=\"crop\" style=\"\"><img decoding=\"async\" src=\"http:\/\/akkermann-borkum.de\/wp-content\/uploads\/2023\/03\/Bild_Sitzgruppe_Ootjes_Hunk-scaled-97x215.jpg\" class=\"ggImg ggNotInitImg\" alt=\"Bild_Sitzgruppe_Ootjes_Hunk\" title=\"Bild_Sitzgruppe_Ootjes_Hunk\" data-description=\"Bild_Sitzgruppe_Ootjes_Hunk\" data-caption=\"Bild_Sitzgruppe_Ootjes_Hunk\" data-title=\"Bild_Sitzgruppe_Ootjes_Hunk\" style=\" height:215px; width:auto;\" \/><\/div><FIGCAPTION class=\"\" data-alpha=\"5\" style=\"color:#ffffff; background-color:#0c0000; font-size:140; text-align:2; font-family:Default;\" ><div class=\"grid-gallery-figcaption-wrap\" style=\"\"><\/div><\/FIGCAPTION><\/FIGURE><FIGURE class=\"grid-gallery-caption\" data-grid-gallery-type=\"quarter-two-step\" data-index=\"2\" style=\"display:none;border-radius:200;; margin:2.65px; height:2150; width:auto;\" ><div class=\"crop\" style=\"\"><img decoding=\"async\" src=\"http:\/\/akkermann-borkum.de\/wp-content\/uploads\/2023\/03\/Ootjes_Hunk_Kueche-scaled-97x215.jpg\" class=\"ggImg ggNotInitImg\" alt=\"Ootjes_Hunk_K\u00fcche\" title=\"Ootjes_Hunk_K\u00fcche\" data-description=\"Ootjes_Hunk_K\u00fcche\" data-caption=\"Ootjes_Hunk_K\u00fcche\" data-title=\"Ootjes_Hunk_K\u00fcche\" style=\" height:215px; width:auto;\" \/><\/div><FIGCAPTION class=\"\" data-alpha=\"5\" style=\"color:#ffffff; background-color:#0c0000; font-size:140; text-align:2; font-family:Default;\" ><div class=\"grid-gallery-figcaption-wrap\" style=\"\"><\/div><\/FIGCAPTION><\/FIGURE><FIGURE class=\"grid-gallery-caption\" data-grid-gallery-type=\"quarter-two-step\" data-index=\"3\" style=\"display:none;border-radius:200;; margin:2.65px; height:2150; width:auto;\" ><div class=\"crop\" style=\"\"><img decoding=\"async\" src=\"http:\/\/akkermann-borkum.de\/wp-content\/uploads\/2023\/03\/Bild_Wohnkueche_Ootjes_Hunk1-scaled-478x215.jpg\" class=\"ggImg ggNotInitImg\" alt=\"Bild_Wohnk\u00fcche_Ootjes_Hunk1\" title=\"Bild_Wohnk\u00fcche_Ootjes_Hunk1\" data-description=\"Bild_Wohnk\u00fcche_Ootjes_Hunk1\" data-caption=\"Bild_Wohnk\u00fcche_Ootjes_Hunk1\" data-title=\"Bild_Wohnk\u00fcche_Ootjes_Hunk1\" style=\" height:215px; width:auto;\" \/><\/div><FIGCAPTION class=\"\" data-alpha=\"5\" style=\"color:#ffffff; background-color:#0c0000; font-size:140; text-align:2; font-family:Default;\" ><div class=\"grid-gallery-figcaption-wrap\" style=\"\"><\/div><\/FIGCAPTION><\/FIGURE><FIGURE class=\"grid-gallery-caption\" data-grid-gallery-type=\"quarter-two-step\" data-index=\"4\" style=\"display:none;border-radius:200;; margin:2.65px; height:2150; width:auto;\" ><div class=\"crop\" style=\"\"><img decoding=\"async\" src=\"http:\/\/akkermann-borkum.de\/wp-content\/uploads\/2023\/03\/Ootjes-Hunk-Kueche1-scaled-97x215.jpg\" class=\"ggImg ggNotInitImg\" alt=\"Ootjes Hunk K\u00fcche1\" title=\"Ootjes Hunk K\u00fcche1\" data-description=\"Ootjes Hunk K\u00fcche1\" data-caption=\"Ootjes Hunk K\u00fcche1\" data-title=\"Ootjes Hunk K\u00fcche1\" style=\" height:215px; width:auto;\" \/><\/div><FIGCAPTION class=\"\" data-alpha=\"5\" style=\"color:#ffffff; background-color:#0c0000; font-size:140; text-align:2; font-family:Default;\" ><div class=\"grid-gallery-figcaption-wrap\" style=\"\"><\/div><\/FIGCAPTION><\/FIGURE><FIGURE class=\"grid-gallery-caption\" data-grid-gallery-type=\"quarter-two-step\" data-index=\"5\" style=\"display:none;border-radius:200;; margin:2.65px; height:2150; width:auto;\" ><div class=\"crop\" style=\"\"><img decoding=\"async\" src=\"http:\/\/akkermann-borkum.de\/wp-content\/uploads\/2023\/03\/Ootjes-Hunk-Treppe-161x215.jpg\" class=\"ggImg ggNotInitImg\" alt=\"Ootjes Hunk Treppe\" title=\"Ootjes Hunk Treppe\" data-description=\"Ootjes Hunk Treppe\" data-caption=\"Ootjes Hunk Treppe\" data-title=\"Ootjes Hunk Treppe\" style=\" height:215px; width:auto;\" \/><\/div><FIGCAPTION class=\"\" data-alpha=\"5\" style=\"color:#ffffff; background-color:#0c0000; font-size:140; text-align:2; font-family:Default;\" ><div class=\"grid-gallery-figcaption-wrap\" style=\"\"><\/div><\/FIGCAPTION><\/FIGURE><FIGURE class=\"grid-gallery-caption\" data-grid-gallery-type=\"quarter-two-step\" data-index=\"6\" style=\"display:none;border-radius:200;; margin:2.65px; height:2150; width:auto;\" ><div class=\"crop\" style=\"\"><img decoding=\"async\" src=\"http:\/\/akkermann-borkum.de\/wp-content\/uploads\/2023\/03\/Ootjes-Hunk-Schlaf-unten1-scaled-97x215.jpg\" class=\"ggImg ggNotInitImg\" alt=\"Ootjes Hunk Schlaf unten1\" title=\"Ootjes Hunk Schlaf unten1\" data-description=\"Ootjes Hunk Schlaf unten1\" data-caption=\"Ootjes Hunk Schlaf unten1\" data-title=\"Ootjes Hunk Schlaf unten1\" style=\" height:215px; width:auto;\" \/><\/div><FIGCAPTION class=\"\" data-alpha=\"5\" style=\"color:#ffffff; background-color:#0c0000; font-size:140; text-align:2; font-family:Default;\" ><div class=\"grid-gallery-figcaption-wrap\" style=\"\"><\/div><\/FIGCAPTION><\/FIGURE><FIGURE class=\"grid-gallery-caption\" data-grid-gallery-type=\"quarter-two-step\" data-index=\"7\" style=\"display:none;border-radius:200;; margin:2.65px; height:2150; width:auto;\" ><div class=\"crop\" style=\"\"><img decoding=\"async\" src=\"http:\/\/akkermann-borkum.de\/wp-content\/uploads\/2023\/03\/Ootjes-Hunk-Schlafgross-oben2-scaled-287x215.jpg\" class=\"ggImg ggNotInitImg\" alt=\"Ootjes Hunk Schlafgro\u00df oben2\" title=\"Ootjes Hunk Schlafgro\u00df oben2\" data-description=\"Ootjes Hunk Schlafgro\u00df oben2\" data-caption=\"Ootjes Hunk Schlafgro\u00df oben2\" data-title=\"Ootjes Hunk Schlafgro\u00df oben2\" style=\" height:215px; width:auto;\" \/><\/div><FIGCAPTION class=\"\" data-alpha=\"5\" style=\"color:#ffffff; background-color:#0c0000; font-size:140; text-align:2; font-family:Default;\" ><div class=\"grid-gallery-figcaption-wrap\" style=\"\"><\/div><\/FIGCAPTION><\/FIGURE><FIGURE class=\"grid-gallery-caption\" data-grid-gallery-type=\"quarter-two-step\" data-index=\"8\" style=\"display:none;border-radius:200;; margin:2.65px; height:2150; width:auto;\" ><div class=\"crop\" style=\"\"><img decoding=\"async\" src=\"http:\/\/akkermann-borkum.de\/wp-content\/uploads\/2023\/03\/Ootjes-Hunk-Schlaf-klein-oben2-161x215.jpg\" class=\"ggImg ggNotInitImg\" alt=\"Ootjes Hunk Schlaf klein oben2\" title=\"Ootjes Hunk Schlaf klein oben2\" data-description=\"Ootjes Hunk Schlaf klein oben2\" data-caption=\"Ootjes Hunk Schlaf klein oben2\" data-title=\"Ootjes Hunk Schlaf klein oben2\" style=\" height:215px; width:auto;\" \/><\/div><FIGCAPTION class=\"\" data-alpha=\"5\" style=\"color:#ffffff; background-color:#0c0000; font-size:140; text-align:2; font-family:Default;\" ><div class=\"grid-gallery-figcaption-wrap\" style=\"\"><\/div><\/FIGCAPTION><\/FIGURE><FIGURE class=\"grid-gallery-caption\" data-grid-gallery-type=\"quarter-two-step\" data-index=\"9\" style=\"display:none;border-radius:200;; margin:2.65px; height:2150; width:auto;\" ><div class=\"crop\" style=\"\"><img decoding=\"async\" src=\"http:\/\/akkermann-borkum.de\/wp-content\/uploads\/2023\/03\/Ootjes-Hunk-Schlaf-klein-oben1-287x215.jpg\" class=\"ggImg ggNotInitImg\" alt=\"Ootjes Hunk Schlaf klein oben1\" title=\"Ootjes Hunk Schlaf klein oben1\" data-description=\"Ootjes Hunk Schlaf klein oben1\" data-caption=\"Ootjes Hunk Schlaf klein oben1\" data-title=\"Ootjes Hunk Schlaf klein oben1\" style=\" height:215px; width:auto;\" \/><\/div><FIGCAPTION class=\"\" data-alpha=\"5\" style=\"color:#ffffff; background-color:#0c0000; font-size:140; text-align:2; font-family:Default;\" ><div class=\"grid-gallery-figcaption-wrap\" style=\"\"><\/div><\/FIGCAPTION><\/FIGURE><FIGURE class=\"grid-gallery-caption\" data-grid-gallery-type=\"quarter-two-step\" data-index=\"10\" style=\"display:none;border-radius:200;; margin:2.65px; height:2150; width:auto;\" ><div class=\"crop\" style=\"\"><img decoding=\"async\" src=\"http:\/\/akkermann-borkum.de\/wp-content\/uploads\/2023\/03\/Ootjes-Hunk-Bad1-161x215.jpg\" class=\"ggImg ggNotInitImg\" alt=\"Ootjes Hunk Bad1\" title=\"Ootjes Hunk Bad1\" data-description=\"Ootjes Hunk Bad1\" data-caption=\"Ootjes Hunk Bad1\" data-title=\"Ootjes Hunk Bad1\" style=\" height:215px; width:auto;\" \/><\/div><FIGCAPTION class=\"\" data-alpha=\"5\" style=\"color:#ffffff; background-color:#0c0000; font-size:140; text-align:2; font-family:Default;\" ><div class=\"grid-gallery-figcaption-wrap\" style=\"\"><\/div><\/FIGCAPTION><\/FIGURE> <div class=\"grid-gallery-clearfix\"><\/div> <\/div> <div class=\"gallery-sharing-bottom\" style=\"display:none;\"> <\/div> <div class=\"gallery-sharing-image\" style=\"display:none;\"> <\/div> <div class=\"gallery-sharing-popup\" style=\"display:none;\"> <\/div> <div class=\"grid-gallery-clearfix\"><\/div> <\/div> <!-- Gallery by Supsystic plugin1.15.32 --><a title=\"Wordpress Photo Gallery\" style=\"display:none;\" href=\"https:\/\/supsystic.com\/plugins\/photo-gallery\/?utm_medium=love_link\" target=\"_blank\">Wordpress Photo Gallery<\/a><\/p>\n","protected":false},"excerpt":{"rendered":"<p>Ootjes Hunk Die ca. 75 qm gro\u00dfe Wohnung Ootjes Hunk befindet sich in einem dem Wohnhaus angegliedertem Geb\u00e4ude. Sie verf\u00fcgt \u00fcber eine eigene Zuwegung und hat einen seperaten Eingang. Wohungsausstattung: &#8211; zwei Schlafzimmer mit Doppelbett &#8211; ein Schlafzimmer mit zwei Einzelbetten (Kinderzimmer) &#8211; Wohnk\u00fcche mit Abstell- bzw. Speisekammer Satelliten-TV, die K\u00fcche hat vier Platten und &hellip; <\/p>\n<p><a class=\"more-link btn\" href=\"http:\/\/akkermann-borkum.de\/?page_id=32\">Weiterlesen<\/a><\/p>\n","protected":false},"author":1,"featured_media":0,"parent":0,"menu_order":0,"comment_status":"closed","ping_status":"closed","template":"","meta":{"footnotes":""},"class_list":["post-32","page","type-page","status-publish","hentry","nodate","item-wrap"],"_links":{"self":[{"href":"http:\/\/akkermann-borkum.de\/index.php?rest_route=\/wp\/v2\/pages\/32","targetHints":{"allow":["GET"]}}],"collection":[{"href":"http:\/\/akkermann-borkum.de\/index.php?rest_route=\/wp\/v2\/pages"}],"about":[{"href":"http:\/\/akkermann-borkum.de\/index.php?rest_route=\/wp\/v2\/types\/page"}],"author":[{"embeddable":true,"href":"http:\/\/akkermann-borkum.de\/index.php?rest_route=\/wp\/v2\/users\/1"}],"replies":[{"embeddable":true,"href":"http:\/\/akkermann-borkum.de\/index.php?rest_route=%2Fwp%2Fv2%2Fcomments&post=32"}],"version-history":[{"count":11,"href":"http:\/\/akkermann-borkum.de\/index.php?rest_route=\/wp\/v2\/pages\/32\/revisions"}],"predecessor-version":[{"id":331,"href":"http:\/\/akkermann-borkum.de\/index.php?rest_route=\/wp\/v2\/pages\/32\/revisions\/331"}],"wp:attachment":[{"href":"http:\/\/akkermann-borkum.de\/index.php?rest_route=%2Fwp%2Fv2%2Fmedia&parent=32"}],"curies":[{"name":"wp","href":"https:\/\/api.w.org\/{rel}","templated":true}]}}