{"id":25,"date":"2016-11-29T22:47:16","date_gmt":"2016-11-29T22:47:16","guid":{"rendered":"http:\/\/akkermann-borkum.de\/?page_id=25"},"modified":"2017-07-31T14:17:06","modified_gmt":"2017-07-31T14:17:06","slug":"lage","status":"publish","type":"page","link":"http:\/\/akkermann-borkum.de\/?page_id=25","title":{"rendered":"Lage"},"content":{"rendered":"<h1 style=\"text-align: center;\"><span style=\"font-size: 36pt;\"><strong><span style=\"font-family: 'times new roman', times, serif;\">Lage des Hauses<\/span><\/strong><\/span><\/h1>\n<p>&nbsp;<\/p>\n<p><span style=\"font-family: helvetica, arial, sans-serif; font-size: 14pt;\">Die Lage unseres Hauses k\u00f6nnen Sie am besten anhand der Karte entnehmen, die wir unten eingef\u00fcgt haben. Wir sind nicht viel mehr als 250 Meter vom Hauptbahnhof entfernt. Deswegen k\u00f6nnen Sie uns bequem zu Fu\u00df erreichen, wenn Sie auf Borkum mit der Bahn ankommen. Da unser Haus in der verkehrsberuhigten Zone liegt k\u00f6nnen Sie uns lediglich am Tag der An- und der Abreise jeweils zum Ent- und Beladen des Wagens anfahren. Eine Parkm\u00f6g-<br \/>\nlichkeit direkt am Haus gibt es nicht. Der n\u00e4chste \u00f6ffentliche kostenlose Parkplatz befindet sich ebenfalls ca. 250 Meter vom Haus entfernt.<\/span><\/p>\n<p>&nbsp;<\/p>\n<div style=\"text-align:center;\">            <script type=\"text\/javascript\">\r\n                jQuery(document).ready(function ($) {\r\n                    var wgm_map = new google.maps.Map(document.getElementById(\"srm_gmp_embed_1\"), {\r\n                        center: new google.maps.LatLng(53.58656,6.665179999999964),\r\n                        zoom: 16,\r\n                        mapTypeId: google.maps.MapTypeId.ROADMAP,\r\n                        scrollwheel: true,\r\n                        zoomControl: true,\r\n                        mapTypeControl: true,\r\n                        streetViewControl: true,\r\n                        fullscreenControl: true,\r\n                        draggable: true,\r\n                        disableDoubleClickZoom: false,\r\n                        panControl: true                    });\r\n                    var wgm_theme_json = '';\r\n                    if (wgm_theme_json.length > 0) {\r\n                        wgm_map.setOptions({ styles: JSON.parse(wgm_theme_json) });\r\n                    }\r\n                    \/\/ To view directions form and data\r\n                                        var wgm_data_1 = {\r\n                        'action': 'wpgmapembed_p_get_markers_by_map_id',\r\n                        'data': {\r\n                            map_id: '100',\r\n                            ajax_nonce: 'c5d3aac45a'\r\n                        }\r\n                    };\r\n                    var wgm_ajaxurl_1 = 'http:\/\/akkermann-borkum.de\/wp-admin\/admin-ajax.php'\r\n                    jQuery.post(wgm_ajaxurl_1, wgm_data_1, function (response) {\r\n                        response = JSON.parse(response);\r\n                        if (response.markers.length === 1) {\r\n                            var wgm_marker_to_1 = response.markers[0].marker_desc;\/\/.replace(\/&gt;\/g, '>').replace(\/&lt;\/g, '<');\r\n                            jQuery('#srm_gmap_to_1').val(wgm_marker_to_1.replace(\/(<([^>]+)>)\/gi, \"\"));\r\n                        }\r\n                        var wgm_default_marker_icon_1 = 'https:\/\/maps.gstatic.com\/mapfiles\/api-3\/images\/spotlight-poi2.png';\r\n                        if (response.markers.length > 0) {\r\n                            var custom_markers = [];\r\n                            var custom_marker_infowindows = [];\r\n                            response.markers.forEach(function (wgm_marker, i) {\r\n                                var wgm_marker_lat_lng_1 = wgm_marker.lat_lng.split(',');\r\n                                wgm_custom_marker_1 = new google.maps.Marker({\r\n                                    position: new google.maps.LatLng(wgm_marker_lat_lng_1[0], wgm_marker_lat_lng_1[1]),\r\n                                    title: wgm_marker.marker_name,\r\n                                    animation: google.maps.Animation.DROP,\r\n                                    icon: (wgm_marker.icon === '') ? wgm_default_marker_icon_1 : wgm_marker.icon\r\n                                });\r\n                                custom_markers[i] = wgm_custom_marker_1;\r\n                                wgm_custom_marker_1.setMap(wgm_map);\r\n                                var wgm_marker_name_1 = (wgm_marker.marker_name !== null) ? ('<span class=\"info_content_title\" style=\"font-size:18px;font-weight: bold;font-family: Arial;\">'\r\n                                    + wgm_marker.marker_name +\r\n                                    '<\/span><br\/>') : '';\r\n                                \/\/wgm_marker.marker_desc = wgm_marker.marker_desc.replace(\/&gt;\/g, '>').replace(\/&lt;\/g, '<');\r\n                                custom_marker_infowindow = new google.maps.InfoWindow({\r\n                                    content: wgm_marker_name_1 + wgm_marker.marker_desc\r\n                                });\r\n                                custom_marker_infowindows[i] = custom_marker_infowindow;\r\n                                if (wgm_marker.show_desc_by_default === '1') {\r\n                                    custom_marker_infowindow.open({\r\n                                        anchor: wgm_custom_marker_1,\r\n                                        shouldFocus: false\r\n                                    });\r\n                                } else {\r\n                                    google.maps.event.addListener(wgm_custom_marker_1, 'click', function () {\r\n                                        custom_marker_infowindows[i].open({\r\n                                            anchor: custom_markers[i],\r\n                                            shouldFocus: false\r\n                                        });\r\n                                    });\r\n                                }\r\n                                if (wgm_marker.have_marker_link === '1') {\r\n                                    google.maps.event.addListener(wgm_custom_marker_1, 'click', function () {\r\n                                        var wgm_target = '_self';\r\n                                        if (wgm_marker.marker_link_new_tab === '1') {\r\n                                            wgm_target = '_blank';\r\n                                        }\r\n                                        window.open(wgm_marker.marker_link, wgm_target);\r\n                                    });\r\n                                }\r\n                            });\r\n                        }\r\n                    });\r\n                });\r\n\r\n            <\/script>\r\n\r\n            <div id=\"srm_gmp_embed_1\"\r\n                style=\"width:75% !important;height:500px  !important; \">\r\n            <\/div>\r\n                     <\/div>\n","protected":false},"excerpt":{"rendered":"<p>Lage des Hauses &nbsp; Die Lage unseres Hauses k\u00f6nnen Sie am besten anhand der Karte entnehmen, die wir unten eingef\u00fcgt haben. Wir sind nicht viel mehr als 250 Meter vom Hauptbahnhof entfernt. Deswegen k\u00f6nnen Sie uns bequem zu Fu\u00df erreichen, wenn Sie auf Borkum mit der Bahn ankommen. Da unser Haus in der verkehrsberuhigten Zone &hellip; <\/p>\n<p><a class=\"more-link btn\" href=\"http:\/\/akkermann-borkum.de\/?page_id=25\">Weiterlesen<\/a><\/p>\n","protected":false},"author":1,"featured_media":0,"parent":0,"menu_order":0,"comment_status":"closed","ping_status":"closed","template":"","meta":{"footnotes":""},"class_list":["post-25","page","type-page","status-publish","hentry","nodate","item-wrap"],"_links":{"self":[{"href":"http:\/\/akkermann-borkum.de\/index.php?rest_route=\/wp\/v2\/pages\/25","targetHints":{"allow":["GET"]}}],"collection":[{"href":"http:\/\/akkermann-borkum.de\/index.php?rest_route=\/wp\/v2\/pages"}],"about":[{"href":"http:\/\/akkermann-borkum.de\/index.php?rest_route=\/wp\/v2\/types\/page"}],"author":[{"embeddable":true,"href":"http:\/\/akkermann-borkum.de\/index.php?rest_route=\/wp\/v2\/users\/1"}],"replies":[{"embeddable":true,"href":"http:\/\/akkermann-borkum.de\/index.php?rest_route=%2Fwp%2Fv2%2Fcomments&post=25"}],"version-history":[{"count":28,"href":"http:\/\/akkermann-borkum.de\/index.php?rest_route=\/wp\/v2\/pages\/25\/revisions"}],"predecessor-version":[{"id":275,"href":"http:\/\/akkermann-borkum.de\/index.php?rest_route=\/wp\/v2\/pages\/25\/revisions\/275"}],"wp:attachment":[{"href":"http:\/\/akkermann-borkum.de\/index.php?rest_route=%2Fwp%2Fv2%2Fmedia&parent=25"}],"curies":[{"name":"wp","href":"https:\/\/api.w.org\/{rel}","templated":true}]}}